{"id":311,"date":"2025-02-21T13:09:57","date_gmt":"2025-02-21T13:09:57","guid":{"rendered":"https:\/\/helsingborg-helsingor.info\/?page_id=311"},"modified":"2026-04-20T13:27:54","modified_gmt":"2026-04-20T13:27:54","slug":"kontakt","status":"publish","type":"page","link":"https:\/\/helsingor-helsingborg.info\/de\/kontakt\/","title":{"rendered":"Kontakt"},"content":{"rendered":"\n<p>Haben Sie Fragen zur \u00dcberfahrt, zum Beispiel, ob Sie mit einem Wohnwagen reisen oder mit einer VISA-Karte bezahlen k\u00f6nnen? Dann sehen Sie sich unsere <a href=\"https:\/\/helsingor-helsingborg.info\/de\/haeufig-gestellte-fragen\/\">h\u00e4ufig gestellten Fragen<\/a> an, in denen wir bereits einige Fragen beantwortet haben.<\/p>\n\n\n\n<h2 class=\"wp-block-heading\">Diese \u00dcberfahrt buchen<\/h2>\n\n\n\n<p><em>Bei Fragen zu Buchungen k\u00f6nnen Sie die folgenden Websites nutzen:<\/em><\/p>\n\n\n\n<div class=\"wp-block-columns is-layout-flex wp-container-core-columns-is-layout-28f84493 wp-block-columns-is-layout-flex\">\n<div class=\"wp-block-column is-layout-flow wp-block-column-is-layout-flow\" style=\"flex-basis:20%\">\n<figure class=\"wp-block-image size-full is-resized\"><img decoding=\"async\" src=\"https:\/\/helsingor-helsingborg.info\/wp-content\/uploads\/2026\/04\/directferries-1.png\" alt=\"\" style=\"width:86px;height:auto\"\/><\/figure>\n<\/div>\n\n\n\n<div class=\"wp-block-column is-layout-flow wp-block-column-is-layout-flow\" style=\"flex-basis:80%\">\n<p><strong>Buchung \u00fcber Direct Ferries<\/strong><br>Vergleichen Sie \u00dcberfahrten und Preise an einem Ort. Praktisch, wenn Sie mehrere Routen pr\u00fcfen oder Alternativen suchen. <a href=\"https:\/\/helsingor-helsingborg.info\/de\/go\/directferriesde\" target=\"_blank\" rel=\"noopener sponsored\">Direct Ferries ist eine der gr\u00f6\u00dften F\u00e4hrbuchungsplattformen in Europa<\/a>.<\/p>\n<\/div>\n<\/div>\n\n\n\n<div class=\"wp-block-columns is-layout-flex wp-container-core-columns-is-layout-28f84493 wp-block-columns-is-layout-flex\">\n<div class=\"wp-block-column is-layout-flow wp-block-column-is-layout-flow\" style=\"flex-basis:20%\">\n<figure class=\"wp-block-image size-full is-resized\"><img decoding=\"async\" src=\"https:\/\/helsingor-helsingborg.info\/wp-content\/uploads\/2026\/04\/oresundslinjen2.jpg\" alt=\"\" style=\"width:80px\"\/><\/figure>\n<\/div>\n\n\n\n<div class=\"wp-block-column is-layout-flow wp-block-column-is-layout-flow\" style=\"flex-basis:80%\">\n<p><strong>Buchung \u00fcber Oresundslinjen<\/strong><br>Direkt beim Betreiber buchen. Dieser Anbieter hie\u00df fr\u00fcher ForSea Ferries.<\/p>\n<\/div>\n<\/div>\n\n\n\n<div class=\"wp-block-columns is-layout-flex wp-container-core-columns-is-layout-28f84493 wp-block-columns-is-layout-flex\">\n<div class=\"wp-block-column is-layout-flow wp-block-column-is-layout-flow\" style=\"flex-basis:20%\">\n<figure class=\"wp-block-image size-full is-resized\" style=\"margin-top:0;margin-bottom:0\"><img decoding=\"async\" src=\"https:\/\/helsingor-helsingborg.info\/wp-content\/uploads\/2026\/04\/352359249_957015338969140_8893477213336642865_n.png\" alt=\"\" style=\"width:80px\"\/><\/figure>\n<\/div>\n\n\n\n<div class=\"wp-block-column is-layout-flow wp-block-column-is-layout-flow\" style=\"flex-basis:80%\">\n<p><strong>Buchung \u00fcber Scandlines<\/strong><br><a href=\"https:\/\/helsingor-helsingborg.info\/de\/go\/scandlines\" target=\"_blank\" rel=\"noopener\">Website der F\u00e4hrgesellschaft mit Kombitickets f\u00fcr die Route Helsing\u00f8r &#8211; Helsingborg<\/a> (zum Beispiel in Kombination mit Puttgarden &#8211; R\u00f8dby).<br><br><em><a href=\"https:\/\/helsingor-helsingborg.info\/de\/go\/scandlines\" target=\"_blank\" rel=\"noopener\">Pr\u00fcfen Sie direkt, ob Sie Ihr Ticket kombinieren k\u00f6nnen<\/a><\/em><\/p>\n<\/div>\n<\/div>\n\n\n\n<h2 class=\"wp-block-heading\">Weitere Fragen<\/h2>\n\n\n\n<p>Wir versuchen innerhalb von 48 Stunden zu antworten. In stark frequentierten Zeiten kann es etwas l\u00e4nger dauern.<\/p>\n\n\n\n<div class=\"wpcf7 no-js\" id=\"wpcf7-f2014-o1\" lang=\"de-DE\" dir=\"ltr\" data-wpcf7-id=\"2014\">\n<div class=\"screen-reader-response\"><p role=\"status\" aria-live=\"polite\" aria-atomic=\"true\"><\/p> <ul><\/ul><\/div>\n<form action=\"\/de\/wp-json\/wp\/v2\/pages\/311#wpcf7-f2014-o1\" method=\"post\" class=\"wpcf7-form init\" aria-label=\"Kontaktformular\" novalidate=\"novalidate\" data-status=\"init\">\n<fieldset class=\"hidden-fields-container\"><input type=\"hidden\" name=\"_wpcf7\" value=\"2014\" \/><input type=\"hidden\" name=\"_wpcf7_version\" value=\"6.1.5\" \/><input type=\"hidden\" name=\"_wpcf7_locale\" value=\"de_DE\" \/><input type=\"hidden\" name=\"_wpcf7_unit_tag\" value=\"wpcf7-f2014-o1\" \/><input type=\"hidden\" name=\"_wpcf7_container_post\" value=\"0\" \/><input type=\"hidden\" name=\"_wpcf7_posted_data_hash\" value=\"\" \/>\n<\/fieldset>\n<p><label> Dein Name<br \/>\n<span class=\"wpcf7-form-control-wrap\" data-name=\"your-name\"><input size=\"40\" maxlength=\"400\" class=\"wpcf7-form-control wpcf7-text wpcf7-validates-as-required\" autocomplete=\"name\" aria-required=\"true\" aria-invalid=\"false\" value=\"\" type=\"text\" name=\"your-name\" \/><\/span> <\/label>\n<\/p>\n<p><label> Deine E-Mail-Adresse<br \/>\n<span class=\"wpcf7-form-control-wrap\" data-name=\"your-email\"><input size=\"40\" maxlength=\"400\" class=\"wpcf7-form-control wpcf7-email wpcf7-validates-as-required wpcf7-text wpcf7-validates-as-email\" autocomplete=\"email\" aria-required=\"true\" aria-invalid=\"false\" value=\"\" type=\"email\" name=\"your-email\" \/><\/span> <\/label>\n<\/p>\n<p><label> Betreff<br \/>\n<span class=\"wpcf7-form-control-wrap\" data-name=\"your-subject\"><input size=\"40\" maxlength=\"400\" class=\"wpcf7-form-control wpcf7-text wpcf7-validates-as-required\" aria-required=\"true\" aria-invalid=\"false\" value=\"\" type=\"text\" name=\"your-subject\" \/><\/span> <\/label>\n<\/p>\n<p><label> Deine Nachricht (optional)<br \/>\n<span class=\"wpcf7-form-control-wrap\" data-name=\"your-message\"><textarea cols=\"40\" rows=\"10\" maxlength=\"2000\" class=\"wpcf7-form-control wpcf7-textarea\" aria-invalid=\"false\" name=\"your-message\"><\/textarea><\/span> <\/label>\n<\/p>\n<p><span class=\"wpcf7-form-control-wrap\" data-name=\"quiz-anti-spam\"><label><span class=\"wpcf7-quiz-label\">Welche Zahl ist gr\u00f6\u00dfer, 14 oder 9?<\/span> <input size=\"40\" class=\"wpcf7-form-control wpcf7-quiz\" autocomplete=\"off\" aria-required=\"true\" aria-invalid=\"false\" type=\"text\" name=\"quiz-anti-spam\" \/><\/label><input type=\"hidden\" name=\"_wpcf7_quiz_answer_quiz-anti-spam\" value=\"dbfc54cc247053ceb89e9aa342d5af6d\" \/><\/span>\n<\/p>\n<p><input class=\"wpcf7-form-control wpcf7-submit has-spinner\" type=\"submit\" value=\"Senden\" \/>\n<\/p><div class=\"wpcf7-response-output\" aria-hidden=\"true\"><\/div>\n<\/form>\n<\/div>\n\n","protected":false},"excerpt":{"rendered":"<p>Haben Sie Fragen zur \u00dcberfahrt, zum Beispiel, ob Sie mit einem Wohnwagen reisen oder mit einer VISA-Karte bezahlen k\u00f6nnen? Dann [&hellip;]<\/p>\n","protected":false},"author":1,"featured_media":0,"parent":0,"menu_order":0,"comment_status":"closed","ping_status":"closed","template":"","meta":{"inline_featured_image":false,"site-sidebar-layout":"default","site-content-layout":"","ast-site-content-layout":"default","site-content-style":"default","site-sidebar-style":"default","ast-global-header-display":"","ast-banner-title-visibility":"","ast-main-header-display":"","ast-hfb-above-header-display":"","ast-hfb-below-header-display":"","ast-hfb-mobile-header-display":"","site-post-title":"","ast-breadcrumbs-content":"","ast-featured-img":"","footer-sml-layout":"","ast-disable-related-posts":"","theme-transparent-header-meta":"","adv-header-id-meta":"","stick-header-meta":"","header-above-stick-meta":"","header-main-stick-meta":"","header-below-stick-meta":"","astra-migrate-meta-layouts":"default","ast-page-background-enabled":"default","ast-page-background-meta":{"desktop":{"background-color":"var(--ast-global-color-5)","background-image":"","background-repeat":"repeat","background-position":"center center","background-size":"auto","background-attachment":"scroll","background-type":"","background-media":"","overlay-type":"","overlay-color":"","overlay-opacity":"","overlay-gradient":""},"tablet":{"background-color":"","background-image":"","background-repeat":"repeat","background-position":"center center","background-size":"auto","background-attachment":"scroll","background-type":"","background-media":"","overlay-type":"","overlay-color":"","overlay-opacity":"","overlay-gradient":""},"mobile":{"background-color":"","background-image":"","background-repeat":"repeat","background-position":"center center","background-size":"auto","background-attachment":"scroll","background-type":"","background-media":"","overlay-type":"","overlay-color":"","overlay-opacity":"","overlay-gradient":""}},"ast-content-background-meta":{"desktop":{"background-color":"var(--ast-global-color-4)","background-image":"","background-repeat":"repeat","background-position":"center center","background-size":"auto","background-attachment":"scroll","background-type":"","background-media":"","overlay-type":"","overlay-color":"","overlay-opacity":"","overlay-gradient":""},"tablet":{"background-color":"var(--ast-global-color-4)","background-image":"","background-repeat":"repeat","background-position":"center center","background-size":"auto","background-attachment":"scroll","background-type":"","background-media":"","overlay-type":"","overlay-color":"","overlay-opacity":"","overlay-gradient":""},"mobile":{"background-color":"var(--ast-global-color-4)","background-image":"","background-repeat":"repeat","background-position":"center center","background-size":"auto","background-attachment":"scroll","background-type":"","background-media":"","overlay-type":"","overlay-color":"","overlay-opacity":"","overlay-gradient":""}},"footnotes":""},"class_list":["post-311","page","type-page","status-publish","hentry"],"yoast_head":"<!-- This site is optimized with the Yoast SEO plugin v27.6 - https:\/\/yoast.com\/product\/yoast-seo-wordpress\/ -->\n<title>Kontakt - Helsingor-Helsingborg.info<\/title>\n<meta name=\"description\" content=\"Fragen zur \u00dcberfahrt zwischen Helsing\u00f8r und Helsingborg mit \u00d6resundslinjen? Kontaktieren Sie uns \u00fcber dieses Kontaktformular.\" \/>\n<meta name=\"robots\" content=\"index, follow, max-snippet:-1, max-image-preview:large, max-video-preview:-1\" \/>\n<link rel=\"canonical\" href=\"https:\/\/helsingor-helsingborg.info\/de\/kontakt\/\" \/>\n<meta property=\"og:locale\" content=\"de_DE\" \/>\n<meta property=\"og:type\" content=\"article\" \/>\n<meta property=\"og:title\" content=\"Kontakt - Helsingor-Helsingborg.info\" \/>\n<meta property=\"og:description\" content=\"Fragen zur \u00dcberfahrt zwischen Helsing\u00f8r und Helsingborg mit \u00d6resundslinjen? Kontaktieren Sie uns \u00fcber dieses Kontaktformular.\" \/>\n<meta property=\"og:url\" content=\"https:\/\/helsingor-helsingborg.info\/de\/kontakt\/\" \/>\n<meta property=\"og:site_name\" content=\"Helsingor-Helsingborg.info\" \/>\n<meta property=\"article:modified_time\" content=\"2026-04-20T13:27:54+00:00\" \/>\n<meta property=\"og:image\" content=\"https:\/\/helsingor-helsingborg.info\/wp-content\/uploads\/2026\/04\/directferries-1.png\" \/>\n<meta name=\"twitter:card\" content=\"summary_large_image\" \/>\n<meta name=\"twitter:label1\" content=\"Gesch\u00e4tzte Lesezeit\" \/>\n\t<meta name=\"twitter:data1\" content=\"2\u00a0Minuten\" \/>\n<script type=\"application\/ld+json\" class=\"yoast-schema-graph\">{\"@context\":\"https:\\\/\\\/schema.org\",\"@graph\":[{\"@type\":[\"WebPage\",\"ContactPage\"],\"@id\":\"https:\\\/\\\/helsingor-helsingborg.info\\\/de\\\/kontakt\\\/\",\"url\":\"https:\\\/\\\/helsingor-helsingborg.info\\\/de\\\/kontakt\\\/\",\"name\":\"Kontakt - Helsingor-Helsingborg.info\",\"isPartOf\":{\"@id\":\"https:\\\/\\\/helsingor-helsingborg.info\\\/de\\\/#website\"},\"primaryImageOfPage\":{\"@id\":\"https:\\\/\\\/helsingor-helsingborg.info\\\/de\\\/kontakt\\\/#primaryimage\"},\"image\":{\"@id\":\"https:\\\/\\\/helsingor-helsingborg.info\\\/de\\\/kontakt\\\/#primaryimage\"},\"thumbnailUrl\":\"https:\\\/\\\/helsingor-helsingborg.info\\\/wp-content\\\/uploads\\\/2026\\\/04\\\/directferries-1.png\",\"datePublished\":\"2025-02-21T13:09:57+00:00\",\"dateModified\":\"2026-04-20T13:27:54+00:00\",\"description\":\"Fragen zur \u00dcberfahrt zwischen Helsing\u00f8r und Helsingborg mit \u00d6resundslinjen? Kontaktieren Sie uns \u00fcber dieses Kontaktformular.\",\"breadcrumb\":{\"@id\":\"https:\\\/\\\/helsingor-helsingborg.info\\\/de\\\/kontakt\\\/#breadcrumb\"},\"inLanguage\":\"de\",\"potentialAction\":[{\"@type\":\"ReadAction\",\"target\":[\"https:\\\/\\\/helsingor-helsingborg.info\\\/de\\\/kontakt\\\/\"]}]},{\"@type\":\"ImageObject\",\"inLanguage\":\"de\",\"@id\":\"https:\\\/\\\/helsingor-helsingborg.info\\\/de\\\/kontakt\\\/#primaryimage\",\"url\":\"https:\\\/\\\/helsingor-helsingborg.info\\\/wp-content\\\/uploads\\\/2026\\\/04\\\/directferries-1.png\",\"contentUrl\":\"https:\\\/\\\/helsingor-helsingborg.info\\\/wp-content\\\/uploads\\\/2026\\\/04\\\/directferries-1.png\"},{\"@type\":\"BreadcrumbList\",\"@id\":\"https:\\\/\\\/helsingor-helsingborg.info\\\/de\\\/kontakt\\\/#breadcrumb\",\"itemListElement\":[{\"@type\":\"ListItem\",\"position\":1,\"name\":\"Helsingor Helsingborg\",\"item\":\"https:\\\/\\\/helsingor-helsingborg.info\\\/de\\\/\"},{\"@type\":\"ListItem\",\"position\":2,\"name\":\"Kontakt\"}]},{\"@type\":\"WebSite\",\"@id\":\"https:\\\/\\\/helsingor-helsingborg.info\\\/de\\\/#website\",\"url\":\"https:\\\/\\\/helsingor-helsingborg.info\\\/de\\\/\",\"name\":\"Helsingor-Helsingborg.info\",\"description\":\"\",\"publisher\":{\"@id\":\"https:\\\/\\\/helsingor-helsingborg.info\\\/de\\\/#organization\"},\"potentialAction\":[{\"@type\":\"SearchAction\",\"target\":{\"@type\":\"EntryPoint\",\"urlTemplate\":\"https:\\\/\\\/helsingor-helsingborg.info\\\/de\\\/?s={search_term_string}\"},\"query-input\":{\"@type\":\"PropertyValueSpecification\",\"valueRequired\":true,\"valueName\":\"search_term_string\"}}],\"inLanguage\":\"de\"},{\"@type\":\"Organization\",\"@id\":\"https:\\\/\\\/helsingor-helsingborg.info\\\/de\\\/#organization\",\"name\":\"Helsingor-Helsingborg.info\",\"url\":\"https:\\\/\\\/helsingor-helsingborg.info\\\/de\\\/\",\"logo\":{\"@type\":\"ImageObject\",\"inLanguage\":\"de\",\"@id\":\"https:\\\/\\\/helsingor-helsingborg.info\\\/de\\\/#\\\/schema\\\/logo\\\/image\\\/\",\"url\":\"https:\\\/\\\/helsingor-helsingborg.info\\\/wp-content\\\/uploads\\\/2025\\\/12\\\/helsingborg-helsingor-2.svg\",\"contentUrl\":\"https:\\\/\\\/helsingor-helsingborg.info\\\/wp-content\\\/uploads\\\/2025\\\/12\\\/helsingborg-helsingor-2.svg\",\"caption\":\"Helsingor-Helsingborg.info\"},\"image\":{\"@id\":\"https:\\\/\\\/helsingor-helsingborg.info\\\/de\\\/#\\\/schema\\\/logo\\\/image\\\/\"}}]}<\/script>\n<!-- \/ Yoast SEO plugin. -->","yoast_head_json":{"title":"Kontakt - Helsingor-Helsingborg.info","description":"Fragen zur \u00dcberfahrt zwischen Helsing\u00f8r und Helsingborg mit \u00d6resundslinjen? Kontaktieren Sie uns \u00fcber dieses Kontaktformular.","robots":{"index":"index","follow":"follow","max-snippet":"max-snippet:-1","max-image-preview":"max-image-preview:large","max-video-preview":"max-video-preview:-1"},"canonical":"https:\/\/helsingor-helsingborg.info\/de\/kontakt\/","og_locale":"de_DE","og_type":"article","og_title":"Kontakt - Helsingor-Helsingborg.info","og_description":"Fragen zur \u00dcberfahrt zwischen Helsing\u00f8r und Helsingborg mit \u00d6resundslinjen? Kontaktieren Sie uns \u00fcber dieses Kontaktformular.","og_url":"https:\/\/helsingor-helsingborg.info\/de\/kontakt\/","og_site_name":"Helsingor-Helsingborg.info","article_modified_time":"2026-04-20T13:27:54+00:00","og_image":[{"url":"https:\/\/helsingor-helsingborg.info\/wp-content\/uploads\/2026\/04\/directferries-1.png","type":"","width":"","height":""}],"twitter_card":"summary_large_image","twitter_misc":{"Gesch\u00e4tzte Lesezeit":"2\u00a0Minuten"},"schema":{"@context":"https:\/\/schema.org","@graph":[{"@type":["WebPage","ContactPage"],"@id":"https:\/\/helsingor-helsingborg.info\/de\/kontakt\/","url":"https:\/\/helsingor-helsingborg.info\/de\/kontakt\/","name":"Kontakt - Helsingor-Helsingborg.info","isPartOf":{"@id":"https:\/\/helsingor-helsingborg.info\/de\/#website"},"primaryImageOfPage":{"@id":"https:\/\/helsingor-helsingborg.info\/de\/kontakt\/#primaryimage"},"image":{"@id":"https:\/\/helsingor-helsingborg.info\/de\/kontakt\/#primaryimage"},"thumbnailUrl":"https:\/\/helsingor-helsingborg.info\/wp-content\/uploads\/2026\/04\/directferries-1.png","datePublished":"2025-02-21T13:09:57+00:00","dateModified":"2026-04-20T13:27:54+00:00","description":"Fragen zur \u00dcberfahrt zwischen Helsing\u00f8r und Helsingborg mit \u00d6resundslinjen? Kontaktieren Sie uns \u00fcber dieses Kontaktformular.","breadcrumb":{"@id":"https:\/\/helsingor-helsingborg.info\/de\/kontakt\/#breadcrumb"},"inLanguage":"de","potentialAction":[{"@type":"ReadAction","target":["https:\/\/helsingor-helsingborg.info\/de\/kontakt\/"]}]},{"@type":"ImageObject","inLanguage":"de","@id":"https:\/\/helsingor-helsingborg.info\/de\/kontakt\/#primaryimage","url":"https:\/\/helsingor-helsingborg.info\/wp-content\/uploads\/2026\/04\/directferries-1.png","contentUrl":"https:\/\/helsingor-helsingborg.info\/wp-content\/uploads\/2026\/04\/directferries-1.png"},{"@type":"BreadcrumbList","@id":"https:\/\/helsingor-helsingborg.info\/de\/kontakt\/#breadcrumb","itemListElement":[{"@type":"ListItem","position":1,"name":"Helsingor Helsingborg","item":"https:\/\/helsingor-helsingborg.info\/de\/"},{"@type":"ListItem","position":2,"name":"Kontakt"}]},{"@type":"WebSite","@id":"https:\/\/helsingor-helsingborg.info\/de\/#website","url":"https:\/\/helsingor-helsingborg.info\/de\/","name":"Helsingor-Helsingborg.info","description":"","publisher":{"@id":"https:\/\/helsingor-helsingborg.info\/de\/#organization"},"potentialAction":[{"@type":"SearchAction","target":{"@type":"EntryPoint","urlTemplate":"https:\/\/helsingor-helsingborg.info\/de\/?s={search_term_string}"},"query-input":{"@type":"PropertyValueSpecification","valueRequired":true,"valueName":"search_term_string"}}],"inLanguage":"de"},{"@type":"Organization","@id":"https:\/\/helsingor-helsingborg.info\/de\/#organization","name":"Helsingor-Helsingborg.info","url":"https:\/\/helsingor-helsingborg.info\/de\/","logo":{"@type":"ImageObject","inLanguage":"de","@id":"https:\/\/helsingor-helsingborg.info\/de\/#\/schema\/logo\/image\/","url":"https:\/\/helsingor-helsingborg.info\/wp-content\/uploads\/2025\/12\/helsingborg-helsingor-2.svg","contentUrl":"https:\/\/helsingor-helsingborg.info\/wp-content\/uploads\/2025\/12\/helsingborg-helsingor-2.svg","caption":"Helsingor-Helsingborg.info"},"image":{"@id":"https:\/\/helsingor-helsingborg.info\/de\/#\/schema\/logo\/image\/"}}]}},"_links":{"self":[{"href":"https:\/\/helsingor-helsingborg.info\/de\/wp-json\/wp\/v2\/pages\/311","targetHints":{"allow":["GET"]}}],"collection":[{"href":"https:\/\/helsingor-helsingborg.info\/de\/wp-json\/wp\/v2\/pages"}],"about":[{"href":"https:\/\/helsingor-helsingborg.info\/de\/wp-json\/wp\/v2\/types\/page"}],"author":[{"embeddable":true,"href":"https:\/\/helsingor-helsingborg.info\/de\/wp-json\/wp\/v2\/users\/1"}],"replies":[{"embeddable":true,"href":"https:\/\/helsingor-helsingborg.info\/de\/wp-json\/wp\/v2\/comments?post=311"}],"version-history":[{"count":7,"href":"https:\/\/helsingor-helsingborg.info\/de\/wp-json\/wp\/v2\/pages\/311\/revisions"}],"predecessor-version":[{"id":2025,"href":"https:\/\/helsingor-helsingborg.info\/de\/wp-json\/wp\/v2\/pages\/311\/revisions\/2025"}],"wp:attachment":[{"href":"https:\/\/helsingor-helsingborg.info\/de\/wp-json\/wp\/v2\/media?parent=311"}],"curies":[{"name":"wp","href":"https:\/\/api.w.org\/{rel}","templated":true}]}}